{"id":22,"date":"2025-11-03T08:45:47","date_gmt":"2025-11-03T08:45:47","guid":{"rendered":"https:\/\/noley-thunder-sausage.de\/?page_id=22"},"modified":"2025-11-08T06:12:45","modified_gmt":"2025-11-08T06:12:45","slug":"metality","status":"publish","type":"page","link":"https:\/\/noley-thunder-sausage.de\/?page_id=22","title":{"rendered":"Metality"},"content":{"rendered":"\n<figure class=\"wp-block-image aligncenter size-medium\"><img loading=\"lazy\" decoding=\"async\" width=\"300\" height=\"300\" src=\"https:\/\/noley-thunder-sausage.de\/wp-content\/uploads\/2025\/11\/Supporter-Logo-300x300.jpg\" alt=\"\" class=\"wp-image-66\" srcset=\"https:\/\/noley-thunder-sausage.de\/wp-content\/uploads\/2025\/11\/Supporter-Logo-300x300.jpg 300w, https:\/\/noley-thunder-sausage.de\/wp-content\/uploads\/2025\/11\/Supporter-Logo-150x150.jpg 150w, https:\/\/noley-thunder-sausage.de\/wp-content\/uploads\/2025\/11\/Supporter-Logo.jpg 500w\" sizes=\"auto, (max-width: 300px) 100vw, 300px\" \/><\/figure>\n\n\n\n<h2 class=\"wp-block-heading has-text-align-center\">Unsere Mission \u00fcber die B\u00fchne hinaus<\/h2>\n\n\n\n<p class=\"has-text-align-center\">Wir von <strong>Noley Thunder Sausage<\/strong> glauben daran, dass Musik mehr bewirken kann als nur L\u00e4rm. Deshalb unterst\u00fctzen wir den Verein <a href=\"https:\/\/www.metality.org\/\" target=\"_blank\" rel=\"noreferrer noopener\"><strong>Metality.org<\/strong><\/a><\/p>\n\n\n\n<p><\/p>\n","protected":false},"excerpt":{"rendered":"<p>Unsere Mission \u00fcber die B\u00fchne hinaus Wir von Noley Thunder Sausage glauben daran, dass Musik mehr bewirken kann als nur L\u00e4rm. Deshalb unterst\u00fctzen wir den Verein Metality.org<\/p>\n","protected":false},"author":2,"featured_media":0,"parent":0,"menu_order":0,"comment_status":"closed","ping_status":"closed","template":"","meta":{"footnotes":""},"class_list":["post-22","page","type-page","status-publish","hentry"],"_links":{"self":[{"href":"https:\/\/noley-thunder-sausage.de\/index.php?rest_route=\/wp\/v2\/pages\/22","targetHints":{"allow":["GET"]}}],"collection":[{"href":"https:\/\/noley-thunder-sausage.de\/index.php?rest_route=\/wp\/v2\/pages"}],"about":[{"href":"https:\/\/noley-thunder-sausage.de\/index.php?rest_route=\/wp\/v2\/types\/page"}],"author":[{"embeddable":true,"href":"https:\/\/noley-thunder-sausage.de\/index.php?rest_route=\/wp\/v2\/users\/2"}],"replies":[{"embeddable":true,"href":"https:\/\/noley-thunder-sausage.de\/index.php?rest_route=%2Fwp%2Fv2%2Fcomments&post=22"}],"version-history":[{"count":8,"href":"https:\/\/noley-thunder-sausage.de\/index.php?rest_route=\/wp\/v2\/pages\/22\/revisions"}],"predecessor-version":[{"id":70,"href":"https:\/\/noley-thunder-sausage.de\/index.php?rest_route=\/wp\/v2\/pages\/22\/revisions\/70"}],"wp:attachment":[{"href":"https:\/\/noley-thunder-sausage.de\/index.php?rest_route=%2Fwp%2Fv2%2Fmedia&parent=22"}],"curies":[{"name":"wp","href":"https:\/\/api.w.org\/{rel}","templated":true}]}}